{"id":16042,"date":"2024-01-12T10:32:24","date_gmt":"2024-01-12T09:32:24","guid":{"rendered":"https:\/\/neomarca.pt\/pt\/?page_id=16042"},"modified":"2024-01-18T19:18:19","modified_gmt":"2024-01-18T18:18:19","slug":"recrutamento","status":"publish","type":"page","link":"https:\/\/neomarca.pt\/pt\/recrutamento\/","title":{"rendered":"Recrutamento"},"content":{"rendered":"\t\t<div data-elementor-type=\"wp-page\" data-elementor-id=\"16042\" class=\"elementor elementor-16042\" data-elementor-post-type=\"page\">\n\t\t\t\t\t\t<section class=\"elementor-section elementor-top-section elementor-element elementor-element-1f65a5c elementor-section-boxed elementor-section-height-default elementor-section-height-default\" data-id=\"1f65a5c\" data-element_type=\"section\">\n\t\t\t\t\t\t<div class=\"elementor-container elementor-column-gap-default\">\n\t\t\t\t\t<div class=\"elementor-column elementor-col-100 elementor-top-column elementor-element elementor-element-897c1d9\" data-id=\"897c1d9\" data-element_type=\"column\">\n\t\t\t<div class=\"elementor-widget-wrap elementor-element-populated\">\n\t\t\t\t\t\t<div class=\"elementor-element elementor-element-e4b1692 elementor-widget elementor-widget-text-editor\" data-id=\"e4b1692\" data-element_type=\"widget\" data-widget_type=\"text-editor.default\">\n\t\t\t\t<div class=\"elementor-widget-container\">\n\t\t\t\t\t\t\t<p>Em cada projeto, em cada servi\u00e7o, em cada cliente est\u00e3o\u00a0<b>equipas dedicadas e focadas<\/b>. Reconhecemos a sua import\u00e2ncia.\u00a0Acreditamos e apoiamos a valoriza\u00e7\u00e3o profissional e pessoal, e o esfor\u00e7o para a concretiza\u00e7\u00e3o dos desafios di\u00e1rios.\u00a0A entrega, o esp\u00edrito de uni\u00e3o e o profissionalismo define-nos em tudo o que fazemos.<\/p><p>Com os olhos no futuro,\u00a0<b>valorizamos a inova\u00e7\u00e3o<\/b>, a vontade de crescer profissionalmente e o empenho.<\/p><p><strong>Faz parte da nossa equipa!<\/strong><\/p>\t\t\t\t\t\t<\/div>\n\t\t\t\t<\/div>\n\t\t\t\t<div class=\"elementor-element elementor-element-3b461f4 elementor-widget elementor-widget-spacer\" data-id=\"3b461f4\" data-element_type=\"widget\" data-widget_type=\"spacer.default\">\n\t\t\t\t<div class=\"elementor-widget-container\">\n\t\t\t\t\t<div class=\"elementor-spacer\">\n\t\t\t<div class=\"elementor-spacer-inner\"><\/div>\n\t\t<\/div>\n\t\t\t\t<\/div>\n\t\t\t\t<\/div>\n\t\t\t\t\t<\/div>\n\t\t<\/div>\n\t\t\t\t\t<\/div>\n\t\t<\/section>\n\t\t\t\t<section class=\"elementor-section elementor-top-section elementor-element elementor-element-4a89c4a elementor-section-boxed elementor-section-height-default elementor-section-height-default\" data-id=\"4a89c4a\" data-element_type=\"section\">\n\t\t\t\t\t\t<div class=\"elementor-container elementor-column-gap-default\">\n\t\t\t\t\t<div class=\"elementor-column elementor-col-100 elementor-top-column elementor-element elementor-element-6dbecf8\" data-id=\"6dbecf8\" data-element_type=\"column\">\n\t\t\t<div class=\"elementor-widget-wrap elementor-element-populated\">\n\t\t\t\t\t\t<div class=\"elementor-element elementor-element-c8c6cd0 elementor-widget elementor-widget-text-editor\" data-id=\"c8c6cd0\" data-element_type=\"widget\" data-widget_type=\"text-editor.default\">\n\t\t\t\t<div class=\"elementor-widget-container\">\n\t\t\t\t\t\t\t<h4>OPORTUNIDADES<\/h4><p><div class=\"job-listing row clearfix\"><div class=\"column medium-12 col-md-12\"><div class=\"job-preview clearfix\" ><div class=\"job-content\"><h5><a href=\"https:\/\/neomarca.pt\/pt\/job\/tecnico-gestao-financiamento\/\" target=\"_self\"><span>T\u00e9cnico(a) Gest\u00e3o de Programas de Financiamento e Incentivos <\/span><\/a><\/h5><div class=\"job-additional-information\"><span>Faro<\/span><div class=\"job_custom_message\">Gest\u00e3o t\u00e9cnica de projetos com financiamento dos diferentes programas nacionais (Portugal 2030, PRR, MAR 2030, entre outros).<\/div><\/div><\/div><div class=\"job-cta\"><a href=\"https:\/\/neomarca.pt\/pt\/job\/tecnico-gestao-financiamento\/\" target=\"_self\" class=\"apply-btn local\">Ver Fun\u00e7\u00e3o<\/a><\/div><\/div><div class=\"job-preview clearfix\" ><div class=\"job-content\"><h5><a href=\"https:\/\/neomarca.pt\/pt\/job\/consultor-gestao-mudanca\/\" target=\"_self\"><span>Consultor(a) em Gest\u00e3o da Mudan\u00e7a<\/span><\/a><\/h5><div class=\"job-additional-information\"><span>Faro<\/span><div class=\"job_custom_message\">Respons\u00e1vel por garantir a implementa\u00e7\u00e3o de projetos e iniciativas no \u00e2mbito da gest\u00e3o da mudan\u00e7a em clientes do mais diversos setores.<\/div><\/div><\/div><div class=\"job-cta\"><a href=\"https:\/\/neomarca.pt\/pt\/job\/consultor-gestao-mudanca\/\" target=\"_self\" class=\"apply-btn local\">Ver Fun\u00e7\u00e3o<\/a><\/div><\/div><div class=\"job-preview clearfix\" ><div class=\"job-content\"><h5><a href=\"https:\/\/neomarca.pt\/pt\/job\/consultor-financiamento\/\" target=\"_self\"><span>Consultor(a) em Gest\u00e3o de Programas de Financiamento e Incentivos <\/span><\/a><\/h5><div class=\"job-additional-information\"><span>Faro<\/span><div class=\"job_custom_message\">Respons\u00e1vel pelo desenvolvimento e gest\u00e3o de projetos com financiamento dos diferentes programas nacionais (Portugal 2030, SIFIDE, MAR 2030, entre outros).<\/div><\/div><\/div><div class=\"job-cta\"><a href=\"https:\/\/neomarca.pt\/pt\/job\/consultor-financiamento\/\" target=\"_self\" class=\"apply-btn local\">Ver Fun\u00e7\u00e3o<\/a><\/div><\/div><div class=\"job-preview clearfix\" ><div class=\"job-content\"><h5><a href=\"https:\/\/neomarca.pt\/pt\/job\/assistente-administrativo\/\" target=\"_self\"><span>Assistente Administrativo(a)<\/span><\/a><\/h5><div class=\"job-additional-information\"><span>Faro<\/span><div class=\"job_custom_message\">Planear, executar e controlar tarefas administrativas.<\/div><\/div><\/div><div class=\"job-cta\"><a href=\"https:\/\/neomarca.pt\/pt\/job\/assistente-administrativo\/\" target=\"_self\" class=\"apply-btn local\">Ver Fun\u00e7\u00e3o<\/a><\/div><\/div><div class=\"job-preview clearfix\" ><div class=\"job-content\"><h5><a href=\"https:\/\/neomarca.pt\/pt\/job\/gestor-de-inovacao\/\" target=\"_self\"><span>Gestor(a) de Inova\u00e7\u00e3o<\/span><\/a><\/h5><div class=\"job-additional-information\"><span>Faro<\/span><div class=\"job_custom_message\">Respons\u00e1vel por desenvolver projetos de melhoria cont\u00ednua em processos de produ\u00e7\u00e3o e de gest\u00e3o.<\/div><\/div><\/div><div class=\"job-cta\"><a href=\"https:\/\/neomarca.pt\/pt\/job\/gestor-de-inovacao\/\" target=\"_self\" class=\"apply-btn local\">Ver Fun\u00e7\u00e3o<\/a><\/div><\/div><\/div><\/div><\/p><p>\u00a0<\/p>\t\t\t\t\t\t<\/div>\n\t\t\t\t<\/div>\n\t\t\t\t\t<\/div>\n\t\t<\/div>\n\t\t\t\t\t<\/div>\n\t\t<\/section>\n\t\t\t\t<section class=\"elementor-section elementor-top-section elementor-element elementor-element-ff587f3 elementor-section-boxed elementor-section-height-default elementor-section-height-default\" data-id=\"ff587f3\" data-element_type=\"section\">\n\t\t\t\t\t\t<div class=\"elementor-container elementor-column-gap-default\">\n\t\t\t\t\t<div class=\"elementor-column elementor-col-100 elementor-top-column elementor-element elementor-element-804ff96\" data-id=\"804ff96\" data-element_type=\"column\">\n\t\t\t<div class=\"elementor-widget-wrap elementor-element-populated\">\n\t\t\t\t\t\t<div class=\"elementor-element elementor-element-df18591 elementor-widget elementor-widget-text-editor\" data-id=\"df18591\" data-element_type=\"widget\" data-widget_type=\"text-editor.default\">\n\t\t\t\t<div class=\"elementor-widget-container\">\n\t\t\t\t\t\t\t<h4>CULTURA E VALORES<\/h4><p>Os colaboradores devem corresponder aos valores e cultura da Neomarca e reunir os conhecimentos t\u00e9cnicos que assegurem a qualidade da presta\u00e7\u00e3o de trabalho pretendida. O nosso processo de sele\u00e7\u00e3o passa por uma an\u00e1lise curricular, seguida de uma ou mais entrevistas com os respons\u00e1veis pelo recrutamento e com os coordenadores da \u00e1rea de atividade em causa e, sempre que conveniente, inclui a realiza\u00e7\u00e3o de provas.<\/p><p>S\u00e3o\u00a0<b>requisitos gerais<\/b>\u00a0de contrata\u00e7\u00e3o:<\/p><ul><li>Dom\u00ednio da l\u00edngua portuguesa;<\/li><li>S\u00f3lidos conhecimentos de inform\u00e1tica na \u00f3tica do utilizador;<\/li><li>Elevado n\u00edvel de profici\u00eancia em MS Office 365 (Word, PowerPoint e Excel);<\/li><li>Flu\u00eancia em Ingl\u00eas (escrito e falado);<\/li><li>Elevado sentido de organiza\u00e7\u00e3o e de planeamento;<\/li><li>Facilidade de comunica\u00e7\u00e3o e relacionamento interpessoal.<\/li><\/ul>\t\t\t\t\t\t<\/div>\n\t\t\t\t<\/div>\n\t\t\t\t<div class=\"elementor-element elementor-element-1562e0a elementor-widget elementor-widget-spacer\" data-id=\"1562e0a\" data-element_type=\"widget\" data-widget_type=\"spacer.default\">\n\t\t\t\t<div class=\"elementor-widget-container\">\n\t\t\t\t\t<div class=\"elementor-spacer\">\n\t\t\t<div class=\"elementor-spacer-inner\"><\/div>\n\t\t<\/div>\n\t\t\t\t<\/div>\n\t\t\t\t<\/div>\n\t\t\t\t\t<\/div>\n\t\t<\/div>\n\t\t\t\t\t<\/div>\n\t\t<\/section>\n\t\t\t\t<\/div>\n\t\t","protected":false},"excerpt":{"rendered":"<p>Em cada projeto, em cada servi\u00e7o, em cada cliente est\u00e3o\u00a0equipas dedicadas e focadas. Reconhecemos a sua import\u00e2ncia.\u00a0Acreditamos e apoiamos a valoriza\u00e7\u00e3o profissional e pessoal, e o esfor\u00e7o para a concretiza\u00e7\u00e3o dos desafios di\u00e1rios.\u00a0A entrega, o esp\u00edrito de uni\u00e3o e o profissionalismo define-nos em tudo o que fazemos. Com os olhos no futuro,\u00a0valorizamos a inova\u00e7\u00e3o, a&hellip;<\/p>\n","protected":false},"author":3,"featured_media":16084,"parent":0,"menu_order":0,"comment_status":"closed","ping_status":"closed","template":"","meta":{"_monsterinsights_skip_tracking":false,"_monsterinsights_sitenote_active":false,"_monsterinsights_sitenote_note":"","_monsterinsights_sitenote_category":0,"footnotes":""},"class_list":["post-16042","page","type-page","status-publish","has-post-thumbnail","hentry","jobs_category-417","description-off"],"acf":[],"_links":{"self":[{"href":"https:\/\/neomarca.pt\/pt\/wp-json\/wp\/v2\/pages\/16042","targetHints":{"allow":["GET"]}}],"collection":[{"href":"https:\/\/neomarca.pt\/pt\/wp-json\/wp\/v2\/pages"}],"about":[{"href":"https:\/\/neomarca.pt\/pt\/wp-json\/wp\/v2\/types\/page"}],"author":[{"embeddable":true,"href":"https:\/\/neomarca.pt\/pt\/wp-json\/wp\/v2\/users\/3"}],"replies":[{"embeddable":true,"href":"https:\/\/neomarca.pt\/pt\/wp-json\/wp\/v2\/comments?post=16042"}],"version-history":[{"count":3,"href":"https:\/\/neomarca.pt\/pt\/wp-json\/wp\/v2\/pages\/16042\/revisions"}],"predecessor-version":[{"id":16071,"href":"https:\/\/neomarca.pt\/pt\/wp-json\/wp\/v2\/pages\/16042\/revisions\/16071"}],"wp:featuredmedia":[{"embeddable":true,"href":"https:\/\/neomarca.pt\/pt\/wp-json\/wp\/v2\/media\/16084"}],"wp:attachment":[{"href":"https:\/\/neomarca.pt\/pt\/wp-json\/wp\/v2\/media?parent=16042"}],"curies":[{"name":"wp","href":"https:\/\/api.w.org\/{rel}","templated":true}]}}