{"id":1614,"date":"2019-03-19T14:30:47","date_gmt":"2019-03-19T14:30:47","guid":{"rendered":"https:\/\/neomarca.pt\/staging2\/?page_id=1614"},"modified":"2023-11-08T16:56:51","modified_gmt":"2023-11-08T15:56:51","slug":"politica-da-qualidade-e-inovacao","status":"publish","type":"page","link":"https:\/\/neomarca.pt\/pt\/politica-da-qualidade-e-inovacao\/","title":{"rendered":"Pol\u00edtica da Qualidade e Inova\u00e7\u00e3o"},"content":{"rendered":"\t\t<div data-elementor-type=\"wp-page\" data-elementor-id=\"1614\" class=\"elementor elementor-1614\" data-elementor-post-type=\"page\">\n\t\t\t\t\t\t<section class=\"elementor-section elementor-top-section elementor-element elementor-element-519ab297 elementor-section-boxed elementor-section-height-default elementor-section-height-default\" data-id=\"519ab297\" data-element_type=\"section\">\n\t\t\t\t\t\t<div class=\"elementor-container elementor-column-gap-default\">\n\t\t\t\t\t<div class=\"elementor-column elementor-col-100 elementor-top-column elementor-element elementor-element-484f3245\" data-id=\"484f3245\" data-element_type=\"column\">\n\t\t\t<div class=\"elementor-widget-wrap elementor-element-populated\">\n\t\t\t\t\t\t<div class=\"elementor-element elementor-element-1c1e0de6 elementor-widget elementor-widget-text-editor\" data-id=\"1c1e0de6\" data-element_type=\"widget\" data-widget_type=\"text-editor.default\">\n\t\t\t\t<div class=\"elementor-widget-container\">\n\t\t\t\t\t\t\t<p>A Neomarca, enquanto empresa que desenvolve a sua atividade em Consultoria, est\u00e1 consciente da sua responsabilidade e do impacto das suas atividades na sustentabilidade do neg\u00f3cio dos seus clientes e na sociedade em geral.<\/p><p>Estabelecemos o compromisso de apostar na cria\u00e7\u00e3o de um <strong>Clima de Criatividade Individual <\/strong>e <strong>Coletiva<\/strong>, que promove o desenvolvimento do conhecimento, a inova\u00e7\u00e3o, a aprendizagem e as oportunidades de melhoria cont\u00ednua dos seus processos e servi\u00e7os e bem como de toda a sua estrutura interna.<\/p><p>Desta forma temos como Pol\u00edtica da Qualidade e Inova\u00e7\u00e3o, os seguintes princ\u00edpios e objetivos:<\/p><ul><li>Desenvolver uma <strong>Cultura de Compet\u00eancia<\/strong>, <strong>Qualidade e Inova\u00e7\u00e3o<\/strong>;<\/li><li>Ser uma <strong>refer\u00eancia de Inova\u00e7\u00e3o<\/strong> nas suas \u00e1reas de atua\u00e7\u00e3o;<\/li><li>Fomentar uma estrutura de comunica\u00e7\u00e3o e reconhecimento;<\/li><li>Incentivar a motiva\u00e7\u00e3o, criatividade e a qualifica\u00e7\u00e3o dos colaboradores;<\/li><li>Assumir um compromisso com a <strong>Inova\u00e7\u00e3o e Melhoria Cont\u00ednua<\/strong>;<\/li><li>Definir, rever e concretizar com maior clareza os nossos objetivos e metas, refor\u00e7ando assim o grau de competitividade;<\/li><li>Satisfazer as necessidades dos clientes estabelecendo uma rela\u00e7\u00e3o de <strong>Confian\u00e7a e Fidelidade<\/strong>;<\/li><li>Oferecer <strong>solu\u00e7\u00f5es inovadoras e eficazes<\/strong>, de acordo com as oportunidades de mercado;<\/li><li>Assegurar a utiliza\u00e7\u00e3o eficiente dos recursos e a incorpora\u00e7\u00e3o de tecnologias inovadoras na gest\u00e3o das suas atividades, minimizando as atividades sem valor acrescentado, de forma a garantir a sustentabilidade da empresa.<\/li><li>Estabelecer parcerias orientadas para os benef\u00edcios de ambas as partes.<\/li><\/ul><p>A Neomarca assume-se, como uma empresa socialmente respons\u00e1vel, constitu\u00edda por uma equipa motivada, competente e inovadora, empenhada em gerar valor para os seus clientes, colaboradores e s\u00f3cios e de modo geral para as partes interessadas.<\/p>\t\t\t\t\t\t<\/div>\n\t\t\t\t<\/div>\n\t\t\t\t\t<\/div>\n\t\t<\/div>\n\t\t\t\t\t<\/div>\n\t\t<\/section>\n\t\t\t\t<\/div>\n\t\t","protected":false},"excerpt":{"rendered":"<p>A Neomarca, enquanto empresa que desenvolve a sua atividade em Consultoria, est\u00e1 consciente da sua responsabilidade e do impacto das suas atividades na sustentabilidade do neg\u00f3cio dos seus clientes e na sociedade em geral. Estabelecemos o compromisso de apostar na cria\u00e7\u00e3o de um Clima de Criatividade Individual e Coletiva, que promove o desenvolvimento do conhecimento,&hellip;<\/p>\n","protected":false},"author":3,"featured_media":0,"parent":0,"menu_order":0,"comment_status":"closed","ping_status":"closed","template":"","meta":{"_monsterinsights_skip_tracking":false,"_monsterinsights_sitenote_active":false,"_monsterinsights_sitenote_note":"","_monsterinsights_sitenote_category":0,"footnotes":""},"class_list":["post-1614","page","type-page","status-publish","hentry"],"acf":[],"_links":{"self":[{"href":"https:\/\/neomarca.pt\/pt\/wp-json\/wp\/v2\/pages\/1614","targetHints":{"allow":["GET"]}}],"collection":[{"href":"https:\/\/neomarca.pt\/pt\/wp-json\/wp\/v2\/pages"}],"about":[{"href":"https:\/\/neomarca.pt\/pt\/wp-json\/wp\/v2\/types\/page"}],"author":[{"embeddable":true,"href":"https:\/\/neomarca.pt\/pt\/wp-json\/wp\/v2\/users\/3"}],"replies":[{"embeddable":true,"href":"https:\/\/neomarca.pt\/pt\/wp-json\/wp\/v2\/comments?post=1614"}],"version-history":[{"count":0,"href":"https:\/\/neomarca.pt\/pt\/wp-json\/wp\/v2\/pages\/1614\/revisions"}],"wp:attachment":[{"href":"https:\/\/neomarca.pt\/pt\/wp-json\/wp\/v2\/media?parent=1614"}],"curies":[{"name":"wp","href":"https:\/\/api.w.org\/{rel}","templated":true}]}}