{"id":1616,"date":"2019-03-19T14:48:46","date_gmt":"2019-03-19T14:48:46","guid":{"rendered":"https:\/\/neomarca.pt\/staging2\/?page_id=1616"},"modified":"2023-11-01T11:40:11","modified_gmt":"2023-11-01T10:40:11","slug":"politica-de-avaliacao-e-qualificacao-de-fornecedores","status":"publish","type":"page","link":"https:\/\/neomarca.pt\/pt\/politica-de-avaliacao-e-qualificacao-de-fornecedores\/","title":{"rendered":"Pol\u00edtica de Avalia\u00e7\u00e3o e Qualifica\u00e7\u00e3o de Fornecedores"},"content":{"rendered":"\t\t<div data-elementor-type=\"wp-page\" data-elementor-id=\"1616\" class=\"elementor elementor-1616\" data-elementor-post-type=\"page\">\n\t\t\t\t\t\t<section class=\"elementor-section elementor-top-section elementor-element elementor-element-4a9e5173 elementor-section-boxed elementor-section-height-default elementor-section-height-default\" data-id=\"4a9e5173\" data-element_type=\"section\">\n\t\t\t\t\t\t<div class=\"elementor-container elementor-column-gap-default\">\n\t\t\t\t\t<div class=\"elementor-column elementor-col-100 elementor-top-column elementor-element elementor-element-54a9fba7\" data-id=\"54a9fba7\" data-element_type=\"column\">\n\t\t\t<div class=\"elementor-widget-wrap elementor-element-populated\">\n\t\t\t\t\t\t<div class=\"elementor-element elementor-element-4f9d6516 elementor-widget elementor-widget-text-editor\" data-id=\"4f9d6516\" data-element_type=\"widget\" data-widget_type=\"text-editor.default\">\n\t\t\t\t<div class=\"elementor-widget-container\">\n\t\t\t\t\t\t\t<h3>Avalia\u00e7\u00e3o de Fornecedores<\/h3><p>A avalia\u00e7\u00e3o de fornecedores \u00e9 uma ferramenta utilizada para validar o cumprimento dos requisitos exigidos a cada fornecedor\/fornecimento, com o principal objetivo de potenciar os pontos positivos e minimizar os pontos negativos, sendo esta avalia\u00e7\u00e3o realizada de forma anual.<\/p><p>Os fornecedores s\u00e3o avaliados de acordo com os seguintes crit\u00e9rios de desempenho:<\/p><ul><li>Capacidade T\u00e9cnica<\/li><li>Cumprimento de prazos<\/li><li>Disponibilidade<\/li><li>Qualidade<\/li><li>Pre\u00e7o<\/li><\/ul><p>Ap\u00f3s a avalia\u00e7\u00e3o, e de acordo com o resultado alcan\u00e7ado, \u00e9 atribu\u00edda uma classifica\u00e7\u00e3o, devendo, em caso de avalia\u00e7\u00e3o inferior a aceit\u00e1vel, ser tomadas medidas de modo a evitar futuros incumprimentos.<\/p><table style=\"height: 201px;\" width=\"600\"><tbody><tr><td width=\"245\"><p style=\"text-align: center;\"><strong>N\u00edvel de Avalia\u00e7\u00e3o de Desempenho<\/strong><\/p><\/td><td width=\"142\"><p style=\"text-align: center;\"><strong>Tipo de Fornecedor<\/strong><\/p><\/td><\/tr><tr><td width=\"245\"><p style=\"text-align: center;\">\u2265 70% e 100%<\/p><\/td><td width=\"142\"><p style=\"text-align: center;\">Preferencial<\/p><\/td><\/tr><tr><td width=\"245\"><p style=\"text-align: center;\">\u2265 50% e &lt; 69%<\/p><\/td><td width=\"142\"><p style=\"text-align: center;\">Aceit\u00e1vel<\/p><\/td><\/tr><tr><td style=\"text-align: center;\" width=\"245\">&lt; 49%<\/td><td width=\"142\"><p style=\"text-align: center;\">Recurso<\/p><\/td><\/tr><\/tbody><\/table><p>\u00a0<\/p>\t\t\t\t\t\t<\/div>\n\t\t\t\t<\/div>\n\t\t\t\t\t<\/div>\n\t\t<\/div>\n\t\t\t\t\t<\/div>\n\t\t<\/section>\n\t\t\t\t<\/div>\n\t\t","protected":false},"excerpt":{"rendered":"<p>Avalia\u00e7\u00e3o de Fornecedores A avalia\u00e7\u00e3o de fornecedores \u00e9 uma ferramenta utilizada para validar o cumprimento dos requisitos exigidos a cada fornecedor\/fornecimento, com o principal objetivo de potenciar os pontos positivos e minimizar os pontos negativos, sendo esta avalia\u00e7\u00e3o realizada de forma anual. Os fornecedores s\u00e3o avaliados de acordo com os seguintes crit\u00e9rios de desempenho: Capacidade&hellip;<\/p>\n","protected":false},"author":3,"featured_media":0,"parent":0,"menu_order":0,"comment_status":"closed","ping_status":"closed","template":"","meta":{"_monsterinsights_skip_tracking":false,"_monsterinsights_sitenote_active":false,"_monsterinsights_sitenote_note":"","_monsterinsights_sitenote_category":0,"footnotes":""},"class_list":["post-1616","page","type-page","status-publish","hentry"],"acf":[],"_links":{"self":[{"href":"https:\/\/neomarca.pt\/pt\/wp-json\/wp\/v2\/pages\/1616","targetHints":{"allow":["GET"]}}],"collection":[{"href":"https:\/\/neomarca.pt\/pt\/wp-json\/wp\/v2\/pages"}],"about":[{"href":"https:\/\/neomarca.pt\/pt\/wp-json\/wp\/v2\/types\/page"}],"author":[{"embeddable":true,"href":"https:\/\/neomarca.pt\/pt\/wp-json\/wp\/v2\/users\/3"}],"replies":[{"embeddable":true,"href":"https:\/\/neomarca.pt\/pt\/wp-json\/wp\/v2\/comments?post=1616"}],"version-history":[{"count":0,"href":"https:\/\/neomarca.pt\/pt\/wp-json\/wp\/v2\/pages\/1616\/revisions"}],"wp:attachment":[{"href":"https:\/\/neomarca.pt\/pt\/wp-json\/wp\/v2\/media?parent=1616"}],"curies":[{"name":"wp","href":"https:\/\/api.w.org\/{rel}","templated":true}]}}