{"id":2298,"date":"2019-08-02T10:58:37","date_gmt":"2019-08-02T09:58:37","guid":{"rendered":"https:\/\/neomarca.pt\/staging2\/?page_id=2298"},"modified":"2023-11-08T17:10:30","modified_gmt":"2023-11-08T16:10:30","slug":"portugal-2020","status":"publish","type":"page","link":"https:\/\/neomarca.pt\/pt\/portugal-2020\/","title":{"rendered":"PORTUGAL 2020"},"content":{"rendered":"\t\t<div data-elementor-type=\"wp-page\" data-elementor-id=\"2298\" class=\"elementor elementor-2298\" data-elementor-post-type=\"page\">\n\t\t\t\t\t\t<section class=\"elementor-section elementor-top-section elementor-element elementor-element-45418abb elementor-section-boxed elementor-section-height-default elementor-section-height-default\" data-id=\"45418abb\" data-element_type=\"section\">\n\t\t\t\t\t\t<div class=\"elementor-container elementor-column-gap-default\">\n\t\t\t\t\t<div class=\"elementor-column elementor-col-100 elementor-top-column elementor-element elementor-element-21d25b60\" data-id=\"21d25b60\" data-element_type=\"column\">\n\t\t\t<div class=\"elementor-widget-wrap elementor-element-populated\">\n\t\t\t\t\t\t<div class=\"elementor-element elementor-element-2aa5ab6f elementor-widget elementor-widget-text-editor\" data-id=\"2aa5ab6f\" data-element_type=\"widget\" data-widget_type=\"text-editor.default\">\n\t\t\t\t<div class=\"elementor-widget-container\">\n\t\t\t\t\t\t\t<p><strong>Este programa \u00e9 substitu\u00eddo pelo <a href=\"https:\/\/neomarca.pt\/pt\/noticias\/portugal-2030-conheca-os-programas\/\">PORTUGAL 2030.<\/a><\/strong><\/p><p>O Sistema de Incentivos Portugal 2020 fornece uma s\u00e9rie de est\u00edmulos financeiros para empresas que procuram investir em atividades inovadoras.<\/p><p>\u00a0<\/p><p><strong>Empreendedorismo e Inova\u00e7\u00e3o Produtiva \/ Investimento Produtivo <\/strong><\/p><ul><li>Investimento em ativos diretamente relacionados \u00e0 produ\u00e7\u00e3o de novos bens e servi\u00e7os;<\/li><li>Empr\u00e9stimo bonificado reembols\u00e1vel at\u00e9 75% do investimento eleg\u00edvel. At\u00e9 60% do empr\u00e9stimo pode ser dispensado;<\/li><li>Limites de investimento: 50.000 \u20ac \u2265 25 M \u20ac;<\/li><li>Exemplos: reformas de hot\u00e9is, desenvolvimento de unidades fabris \/ f\u00e1bricas.<\/li><\/ul><p>\u00a0<\/p><p><strong>Apoio a atividades de promo\u00e7\u00e3o comercial internacional <\/strong><\/p><ul><li>Investimento em atividades e recursos humanos diretamente relacionados \u00e0 promo\u00e7\u00e3o internacional em mercados estrangeiros;<\/li><li>Incentivo n\u00e3o reembols\u00e1vel (subven\u00e7\u00e3o) no valor de 45% do investimento at\u00e9 500.000 \u20ac;<\/li><li>Limites de investimento: 25.000 \u20ac \u2265 1.11 M \u20ac;<\/li><li>Exemplos: participa\u00e7\u00e3o em feiras internacionais, miss\u00f5es comerciais e viagens de prospec\u00e7\u00e3o de mercado.<\/li><\/ul><p>\u00a0<\/p><p>QUALIFICA\u00c7\u00c3O<\/p><p><strong>Apoio \u00e0 qualifica\u00e7\u00e3o dos recursos humanos e equipas t\u00e9cnicas<\/strong><\/p><ul><li>Investimento em atividades e recursos humanos relacionados \u00e0 organiza\u00e7\u00e3o e \u00e0 sua competitividade;<\/li><li>Incentivo n\u00e3o reembols\u00e1vel (subven\u00e7\u00e3o) no valor de 45% do investimento at\u00e9 500.000 \u20ac;<\/li><li>Limites de investimento: 25.000 \u20ac \u2265 1.11 M \u20ac;<\/li><li>Exemplos: Cria\u00e7\u00e3o de laborat\u00f3rios, certifica\u00e7\u00f5es.<\/li><\/ul><p>\u00a0<\/p><p><strong>Investimento em atividades de Inova\u00e7\u00e3o e Desenvolvimento<\/strong><\/p><ul><li>Custos com pessoal t\u00e9cnico dedicado \u00e0s atividades de I&amp;D;<\/li><li>Aquisi\u00e7\u00e3o de servi\u00e7os de terceiros, incluindo assist\u00eancia t\u00e9cnica e cient\u00edfica e consultoria;<\/li><li>Compra de instrumentos e equipamentos cient\u00edficos e t\u00e9cnicos (deprecia\u00e7\u00f5es durante o projeto);<\/li><li>Custos associados ao registo e aquisi\u00e7\u00e3o de patentes.<\/li><\/ul><p>\u00a0<\/p><p><strong>Natureza do apoio:<\/strong><\/p><ul><li>Taxa Base: 25% das despesas eleg\u00edveis;<\/li><li>B\u00f3nus: at\u00e9 + 60 pp de acordo com o escopo do projeto e tamanho da empresa;<\/li><li>Subs\u00eddio em dinheiro: at\u00e9 \u20ac 1.000.000 de incentivo;<\/li><li>Para um montante de incentivo que exceda \u20ac 1.000.000, 25% como um empr\u00e9stimo sem juros e 75% como uma subven\u00e7\u00e3o em dinheiro.<\/li><\/ul><p>\u00a0<\/p><p><strong>Suporte m\u00e1ximo:<\/strong><\/p><p>As subven\u00e7\u00f5es financeiras combinadas com incentivos fiscais, aplicadas \u00e0s mesmas despesas, n\u00e3o podem exceder: 80% do equivalente de subven\u00e7\u00e3o bruto para projetos de pesquisa industrial; 60% do equivalente bruto de subven\u00e7\u00e3o para projetos experimentais.<\/p>\t\t\t\t\t\t<\/div>\n\t\t\t\t<\/div>\n\t\t\t\t\t<\/div>\n\t\t<\/div>\n\t\t\t\t\t<\/div>\n\t\t<\/section>\n\t\t\t\t<\/div>\n\t\t","protected":false},"excerpt":{"rendered":"<p>Este programa \u00e9 substitu\u00eddo pelo PORTUGAL 2030. O Sistema de Incentivos Portugal 2020 fornece uma s\u00e9rie de est\u00edmulos financeiros para empresas que procuram investir em atividades inovadoras. \u00a0 Empreendedorismo e Inova\u00e7\u00e3o Produtiva \/ Investimento Produtivo Investimento em ativos diretamente relacionados \u00e0 produ\u00e7\u00e3o de novos bens e servi\u00e7os; Empr\u00e9stimo bonificado reembols\u00e1vel at\u00e9 75% do investimento eleg\u00edvel.&hellip;<\/p>\n","protected":false},"author":3,"featured_media":0,"parent":0,"menu_order":0,"comment_status":"closed","ping_status":"closed","template":"","meta":{"_monsterinsights_skip_tracking":false,"_monsterinsights_sitenote_active":false,"_monsterinsights_sitenote_note":"","_monsterinsights_sitenote_category":0,"footnotes":""},"class_list":["post-2298","page","type-page","status-publish","hentry"],"acf":[],"_links":{"self":[{"href":"https:\/\/neomarca.pt\/pt\/wp-json\/wp\/v2\/pages\/2298","targetHints":{"allow":["GET"]}}],"collection":[{"href":"https:\/\/neomarca.pt\/pt\/wp-json\/wp\/v2\/pages"}],"about":[{"href":"https:\/\/neomarca.pt\/pt\/wp-json\/wp\/v2\/types\/page"}],"author":[{"embeddable":true,"href":"https:\/\/neomarca.pt\/pt\/wp-json\/wp\/v2\/users\/3"}],"replies":[{"embeddable":true,"href":"https:\/\/neomarca.pt\/pt\/wp-json\/wp\/v2\/comments?post=2298"}],"version-history":[{"count":0,"href":"https:\/\/neomarca.pt\/pt\/wp-json\/wp\/v2\/pages\/2298\/revisions"}],"wp:attachment":[{"href":"https:\/\/neomarca.pt\/pt\/wp-json\/wp\/v2\/media?parent=2298"}],"curies":[{"name":"wp","href":"https:\/\/api.w.org\/{rel}","templated":true}]}}