{"id":2329,"date":"2019-08-01T17:48:11","date_gmt":"2019-08-01T16:48:11","guid":{"rendered":"https:\/\/neomarca.pt\/staging2\/?page_id=2329"},"modified":"2023-11-08T16:26:27","modified_gmt":"2023-11-08T15:26:27","slug":"mar-2020","status":"publish","type":"page","link":"https:\/\/neomarca.pt\/pt\/mar-2020\/","title":{"rendered":"MAR 2020"},"content":{"rendered":"\t\t<div data-elementor-type=\"wp-page\" data-elementor-id=\"2329\" class=\"elementor elementor-2329\" data-elementor-post-type=\"page\">\n\t\t\t\t\t\t<section class=\"elementor-section elementor-top-section elementor-element elementor-element-56467482 elementor-section-boxed elementor-section-height-default elementor-section-height-default\" data-id=\"56467482\" data-element_type=\"section\">\n\t\t\t\t\t\t<div class=\"elementor-container elementor-column-gap-default\">\n\t\t\t\t\t<div class=\"elementor-column elementor-col-100 elementor-top-column elementor-element elementor-element-4bf93ed\" data-id=\"4bf93ed\" data-element_type=\"column\">\n\t\t\t<div class=\"elementor-widget-wrap elementor-element-populated\">\n\t\t\t\t\t\t<div class=\"elementor-element elementor-element-3202bf63 elementor-widget elementor-widget-text-editor\" data-id=\"3202bf63\" data-element_type=\"widget\" data-widget_type=\"text-editor.default\">\n\t\t\t\t<div class=\"elementor-widget-container\">\n\t\t\t\t\t\t\t<p><strong>Este Programa foi substitu\u00eddo pelo <a href=\"https:\/\/neomarca.pt\/pt\/noticias\/aprovado-o-regulamento-especifico-das-medidas-de-apoio-do-programa-mar-2030\/\">MAR 2030<\/a>.<\/strong><\/p><p>O <strong>Mar 2020<\/strong> tem como objetivo implementar em Portugal as medidas de apoio ao abrigo do Fundo Europeu dos Assuntos Mar\u00edtimos e das Pescas (FEAMP).<\/p><p><strong>As principais \u00e1reas priorit\u00e1rias que o MAR 2020 apoia est\u00e3o relacionadas com:<\/strong><\/p><ul><li>Promo\u00e7\u00e3o da aquicultura<\/li><li>Melhoria do conhecimento cient\u00edfico e conserva\u00e7\u00e3o dos recursos marinhos<\/li><li>Cria\u00e7\u00e3o de emprego<\/li><li>Comercializa\u00e7\u00e3o e transforma\u00e7\u00e3o de produtos da pesca e da aquicultura<\/li><li>Vigil\u00e2ncia mar\u00edtima e protec\u00e7\u00e3o do meio marinho<\/li><li>7 M\u20ac em assist\u00eancia t\u00e9cnica<\/li><\/ul><p><strong><br \/>Apoio m\u00e1ximo por projeto:<\/strong> 200.000 \u20ac (500.000 \u20ac para atividades promovidas por entidades p\u00fablicas sem fins lucrativos).O Fundo Azul apoia uma s\u00e9rie de projetos sob os seguintes temas principais:<\/p><ul><li><strong>Impulsionando o desenvolvimento da economia do mar<\/strong><br \/>Exemplos incluem a cria\u00e7\u00e3o de start-ups tecnol\u00f3gicas; Forma\u00e7\u00e3o, facilita\u00e7\u00e3o do acesso das PME ao financiamento, pesquisa, desenvolvimento e inova\u00e7\u00e3o; desenvolvimento de instrumentos para fortalecer ou financiar a\u00e7\u00f5es ou n\u00e3o e participa\u00e7\u00e3o nos riscos; Prote\u00e7\u00e3o e desenvolvimento de seguran\u00e7a alimentar e merenda escolar; Promo\u00e7\u00e3o de energias renov\u00e1veis.<\/li><\/ul><p>\u00a0<\/p><ul><li><strong>Apoiando a pesquisa cient\u00edfica e tecnol\u00f3gica<\/strong><br \/>Exemplos incluem novas linhas de pesquisa cient\u00edfica e tecnol\u00f3gica; Desenvolvimento tecnol\u00f3gico para a economia marinha e biotecnologia; Transfer\u00eancia de conhecimento na \u00e1rea de pol\u00edticas p\u00fablicas e economia do mar; Pesquisa aplicada, em parceria com ind\u00fastria; Atualiza\u00e7\u00e3o nas \u00e1reas de pesquisa e desenvolvimento tecnol\u00f3gico para a economia do mar.<\/li><\/ul><p>\u00a0<\/p><ul><li><strong>Incentivo \u00e0 prote\u00e7\u00e3o e monitoriza\u00e7\u00e3o do meio ambiente marinho<\/strong><br \/>Exemplos incluem: Garantir o bom estado ambiental do ambiente mar\u00edtimo p\u00fablico; Preven\u00e7\u00e3o e controle da polui\u00e7\u00e3o do meio marinho; Prote\u00e7\u00e3o ou restaura\u00e7\u00e3o de ecossistemas marinhos e biodiversidade; Resposta a situa\u00e7\u00f5es de emerg\u00eancia para salvaguardar os interesses mar\u00edtimos nacionais; Consci\u00eancia social da import\u00e2ncia do mar.<\/li><\/ul><p>\u00a0<\/p><ul><li><strong>Aumentar a seguran\u00e7a mar\u00edtima<\/strong><br \/>Exemplos incluem: Forma\u00e7\u00e3o relacionada com a seguran\u00e7a no mar; Investimentos ou a\u00e7\u00f5es destinadas a salvaguardar a vida humana no mar.<\/li><\/ul><p>[\/vc_column_text][\/vc_column][vc_column width=&#8221;1\/3&#8243;][vc_single_image image=&#8221;2301&#8243; img_size=&#8221;full&#8221;][\/vc_column][\/vc_row][vc_row][vc_column][vc_separator][\/vc_column][vc_column width=&#8221;1\/3&#8243;][vc_btn title=&#8221;PORTUGAL 2020&#8243; align=&#8221;center&#8221; i_icon_fontawesome=&#8221;fa fa-chevron-left&#8221; add_icon=&#8221;true&#8221; link=&#8221;url:https%3A%2F%2Fneomarca.pt%2Fstaging2%2Fportugal-2020%2F|title:PORTUGAL%202020||&#8221;][\/vc_column][vc_column width=&#8221;1\/3&#8243;][vc_btn title=&#8221;Fundos Comunit\u00e1rios&#8221; align=&#8221;center&#8221; link=&#8221;url:https%3A%2F%2Fneomarca.pt%2Fstaging2%2Fpt%2Fservicos%2Ffundos-comunitarios%2F|title:Fundos%20Comunit%C3%A1rios||&#8221;][\/vc_column][vc_column width=&#8221;1\/3&#8243;][vc_btn title=&#8221;PDR 2020&#8243; align=&#8221;center&#8221; i_align=&#8221;right&#8221; i_icon_fontawesome=&#8221;fa fa-chevron-right&#8221; add_icon=&#8221;true&#8221; link=&#8221;url:https%3A%2F%2Fneomarca.pt%2Fstaging2%2Fpdr-2020%2F|title:PDR%202020||&#8221;][\/vc_column][\/vc_row][vc_row full_width=&#8221;stretch_row&#8221; css=&#8221;.vc_custom_1571223556821{border-bottom-width: 69px !important;padding-top: 33px !important;background-image: url(https:\/\/neomarca.pt\/staging2\/wp-content\/uploads\/2019\/06\/neomarca-quem-somos.jpg?id=2229) !important;background-position: center !important;background-repeat: no-repeat !important;background-size: cover !important;}&#8221;][vc_column][advice_heading title=&#8221;Contacte-nos&#8221; css=&#8221;.vc_custom_1571223656611{background-position: center !important;background-repeat: no-repeat !important;background-size: cover !important;}&#8221;][vc_column_text]Os nossos consultores podem ajud\u00e1-lo em todas as fases do processo de candidatura a um projeto financiado.[\/vc_column_text][vc_btn title=&#8221;Enviar Email&#8221; style=&#8221;outline&#8221; color=&#8221;mulled-wine&#8221; link=&#8221;url:mailto%3Ainfo%40neomarca.pt|||&#8221;][\/vc_column][\/vc_row]<\/p>\t\t\t\t\t\t<\/div>\n\t\t\t\t<\/div>\n\t\t\t\t\t<\/div>\n\t\t<\/div>\n\t\t\t\t\t<\/div>\n\t\t<\/section>\n\t\t\t\t<\/div>\n\t\t","protected":false},"excerpt":{"rendered":"<p>Este Programa foi substitu\u00eddo pelo MAR 2030. O Mar 2020 tem como objetivo implementar em Portugal as medidas de apoio ao abrigo do Fundo Europeu dos Assuntos Mar\u00edtimos e das Pescas (FEAMP). As principais \u00e1reas priorit\u00e1rias que o MAR 2020 apoia est\u00e3o relacionadas com: Promo\u00e7\u00e3o da aquicultura Melhoria do conhecimento cient\u00edfico e conserva\u00e7\u00e3o dos recursos&hellip;<\/p>\n","protected":false},"author":3,"featured_media":0,"parent":0,"menu_order":0,"comment_status":"closed","ping_status":"closed","template":"","meta":{"_monsterinsights_skip_tracking":false,"_monsterinsights_sitenote_active":false,"_monsterinsights_sitenote_note":"","_monsterinsights_sitenote_category":0,"footnotes":""},"class_list":["post-2329","page","type-page","status-publish","hentry"],"acf":[],"_links":{"self":[{"href":"https:\/\/neomarca.pt\/pt\/wp-json\/wp\/v2\/pages\/2329","targetHints":{"allow":["GET"]}}],"collection":[{"href":"https:\/\/neomarca.pt\/pt\/wp-json\/wp\/v2\/pages"}],"about":[{"href":"https:\/\/neomarca.pt\/pt\/wp-json\/wp\/v2\/types\/page"}],"author":[{"embeddable":true,"href":"https:\/\/neomarca.pt\/pt\/wp-json\/wp\/v2\/users\/3"}],"replies":[{"embeddable":true,"href":"https:\/\/neomarca.pt\/pt\/wp-json\/wp\/v2\/comments?post=2329"}],"version-history":[{"count":0,"href":"https:\/\/neomarca.pt\/pt\/wp-json\/wp\/v2\/pages\/2329\/revisions"}],"wp:attachment":[{"href":"https:\/\/neomarca.pt\/pt\/wp-json\/wp\/v2\/media?parent=2329"}],"curies":[{"name":"wp","href":"https:\/\/api.w.org\/{rel}","templated":true}]}}