{"id":2338,"date":"2019-08-02T11:06:26","date_gmt":"2019-08-02T10:06:26","guid":{"rendered":"https:\/\/neomarca.pt\/staging2\/?page_id=2338"},"modified":"2023-11-08T16:51:00","modified_gmt":"2023-11-08T15:51:00","slug":"pdr-2020","status":"publish","type":"page","link":"https:\/\/neomarca.pt\/pt\/pdr-2020\/","title":{"rendered":"PDR 2020"},"content":{"rendered":"\t\t<div data-elementor-type=\"wp-page\" data-elementor-id=\"2338\" class=\"elementor elementor-2338\" data-elementor-post-type=\"page\">\n\t\t\t\t\t\t<section class=\"elementor-section elementor-top-section elementor-element elementor-element-483339b7 elementor-section-boxed elementor-section-height-default elementor-section-height-default\" data-id=\"483339b7\" data-element_type=\"section\">\n\t\t\t\t\t\t<div class=\"elementor-container elementor-column-gap-default\">\n\t\t\t\t\t<div class=\"elementor-column elementor-col-100 elementor-top-column elementor-element elementor-element-2714f1be\" data-id=\"2714f1be\" data-element_type=\"column\">\n\t\t\t<div class=\"elementor-widget-wrap elementor-element-populated\">\n\t\t\t\t\t\t<div class=\"elementor-element elementor-element-5d44a8de elementor-widget elementor-widget-text-editor\" data-id=\"5d44a8de\" data-element_type=\"widget\" data-widget_type=\"text-editor.default\">\n\t\t\t\t<div class=\"elementor-widget-container\">\n\t\t\t\t\t\t\t<p><span style=\"background-color: rgba(255, 255, 255, 0); color: var(--the7-base-color); letter-spacing: var(--the7-base-letter-spacing); text-transform: var(--the7-base-text-transform); word-spacing: normal;\">O Programa de Desenvolvimento Rural ou PDR 2020 permite que os agricultores tenham acesso a incentivos no valor de 8 mil milh\u00f5es de euros. O PDR visa apoiar a execu\u00e7\u00e3o da pol\u00edtica agr\u00edcola comum (2014-2020), preparada em colabora\u00e7\u00e3o com o setor agr\u00edcola, respondendo assim \u00e0s necessidades reais do setor agr\u00edcola em Portugal.<\/span><\/p><p>O objetivo principal consiste em melhorar a posi\u00e7\u00e3o nas escalas comerciais, <strong>equilibrando importa\u00e7\u00f5es e exporta\u00e7\u00f5es.<\/strong> Neste contexto, o objetivo \u00e9 estender a agricultura a todo o territ\u00f3rio sustent\u00e1vel.<\/p><p>Os incentivos regulamentados do PDR 2020 foram estabelecidos com base nas seguintes prioridades:<\/p><ul><li>Preven\u00e7\u00e3o de eventual rutura na receita dos agricultores;<\/li><li>Aumentar a posi\u00e7\u00e3o de negocia\u00e7\u00e3o dos agricultores, incentivando aqueles que se organizam e trabalham juntos;<\/li><li>Apoiar setores em risco de abandono ou sem alternativas de cultivo, como tomate, arroz, leite e vacas reprodutoras, ovinos e caprinos;<\/li><li>Incentivar mais produ\u00e7\u00e3o, com suporte para agricultores ativos;<\/li><li>Promover a entrada de mais jovens no setor agr\u00edcola, proporcionando apoios mais atrativos;<\/li><li>Apoiar culturas tradicionais e pastoreio extensivo, ra\u00e7as nativas e agricultores em \u00e1reas protegidas;<\/li><li>Modernizar a agricultura, criando uma explora\u00e7\u00e3o mais competitiva;<\/li><li>Criando um sistema de seguro, protegendo os agricultores de poss\u00edveis.<\/li><\/ul><p>Com este quadro de apoio, todos os instrumentos necess\u00e1rios foram estabelecidos para apoiar o desenvolvimento de um sector agr\u00edcola mais forte.<\/p>\t\t\t\t\t\t<\/div>\n\t\t\t\t<\/div>\n\t\t\t\t\t<\/div>\n\t\t<\/div>\n\t\t\t\t\t<\/div>\n\t\t<\/section>\n\t\t\t\t<\/div>\n\t\t","protected":false},"excerpt":{"rendered":"<p>O Programa de Desenvolvimento Rural ou PDR 2020 permite que os agricultores tenham acesso a incentivos no valor de 8 mil milh\u00f5es de euros. O PDR visa apoiar a execu\u00e7\u00e3o da pol\u00edtica agr\u00edcola comum (2014-2020), preparada em colabora\u00e7\u00e3o com o setor agr\u00edcola, respondendo assim \u00e0s necessidades reais do setor agr\u00edcola em Portugal. O objetivo principal&hellip;<\/p>\n","protected":false},"author":3,"featured_media":0,"parent":0,"menu_order":0,"comment_status":"closed","ping_status":"closed","template":"","meta":{"_monsterinsights_skip_tracking":false,"_monsterinsights_sitenote_active":false,"_monsterinsights_sitenote_note":"","_monsterinsights_sitenote_category":0,"footnotes":""},"class_list":["post-2338","page","type-page","status-publish","hentry"],"acf":[],"_links":{"self":[{"href":"https:\/\/neomarca.pt\/pt\/wp-json\/wp\/v2\/pages\/2338","targetHints":{"allow":["GET"]}}],"collection":[{"href":"https:\/\/neomarca.pt\/pt\/wp-json\/wp\/v2\/pages"}],"about":[{"href":"https:\/\/neomarca.pt\/pt\/wp-json\/wp\/v2\/types\/page"}],"author":[{"embeddable":true,"href":"https:\/\/neomarca.pt\/pt\/wp-json\/wp\/v2\/users\/3"}],"replies":[{"embeddable":true,"href":"https:\/\/neomarca.pt\/pt\/wp-json\/wp\/v2\/comments?post=2338"}],"version-history":[{"count":0,"href":"https:\/\/neomarca.pt\/pt\/wp-json\/wp\/v2\/pages\/2338\/revisions"}],"wp:attachment":[{"href":"https:\/\/neomarca.pt\/pt\/wp-json\/wp\/v2\/media?parent=2338"}],"curies":[{"name":"wp","href":"https:\/\/api.w.org\/{rel}","templated":true}]}}