{"id":2344,"date":"2019-08-01T17:55:07","date_gmt":"2019-08-01T16:55:07","guid":{"rendered":"https:\/\/neomarca.pt\/staging2\/?page_id=2344"},"modified":"2023-11-08T15:56:07","modified_gmt":"2023-11-08T14:56:07","slug":"horizonte2020","status":"publish","type":"page","link":"https:\/\/neomarca.pt\/pt\/horizonte2020\/","title":{"rendered":"HORIZONTE 2020"},"content":{"rendered":"\t\t<div data-elementor-type=\"wp-page\" data-elementor-id=\"2344\" class=\"elementor elementor-2344\" data-elementor-post-type=\"page\">\n\t\t\t\t\t\t<section class=\"elementor-section elementor-top-section elementor-element elementor-element-66bd3da9 elementor-section-boxed elementor-section-height-default elementor-section-height-default\" data-id=\"66bd3da9\" data-element_type=\"section\">\n\t\t\t\t\t\t<div class=\"elementor-container elementor-column-gap-default\">\n\t\t\t\t\t<div class=\"elementor-column elementor-col-100 elementor-top-column elementor-element elementor-element-20dfe3c5\" data-id=\"20dfe3c5\" data-element_type=\"column\">\n\t\t\t<div class=\"elementor-widget-wrap elementor-element-populated\">\n\t\t\t\t\t\t<div class=\"elementor-element elementor-element-dc88751 elementor-widget elementor-widget-text-editor\" data-id=\"dc88751\" data-element_type=\"widget\" data-widget_type=\"text-editor.default\">\n\t\t\t\t<div class=\"elementor-widget-container\">\n\t\t\t\t\t\t\t<p>O programa Horizonte 2020 foi substitu\u00eddo pelo novo <a href=\"https:\/\/neomarca.pt\/staging2\/pt\/horizonte-europa\/\">HORIZONTE EUROPA<\/a>.<\/p>\n<p><span style=\"background-color: rgba(255, 255, 255, 0); color: var(--the7-base-color); letter-spacing: var(--the7-base-letter-spacing); text-transform: var(--the7-base-text-transform); word-spacing: normal;\">O Horizonte 2020 \u00e9 o maior instrumento da Comunidade Europeia especificamente orientado para o cofinanciamento de projetos de investiga\u00e7\u00e3o, inova\u00e7\u00e3o e demonstra\u00e7\u00e3o. O apoio financeiro \u00e9 concedido na base de concursos em competi\u00e7\u00e3o e mediante um processo independente de avalia\u00e7\u00e3o das propostas apresentadas.<\/span><br><\/p>\n<p>&nbsp;<\/p>\n<p><strong>O H2020 \u00e9 composto por tr\u00eas Pilares program\u00e1ticos com \u00e2mbitos diferentes:<\/strong><\/p>\n<p>\u2022 Pilar I \u2013 Excel\u00eancia Cient\u00edfica (com cerca de 32% do or\u00e7amento total);<br>\n\u2022 Pilar II \u2013 Lideran\u00e7a Industrial (correspondente a cerca de 22% do or\u00e7amento);<br>\n\u2022 Pilar III \u2013 Desafios Societais (com cerca de 39% do or\u00e7amento total).<\/p>\t\t\t\t\t\t<\/div>\n\t\t\t\t<\/div>\n\t\t\t\t\t<\/div>\n\t\t<\/div>\n\t\t\t\t\t<\/div>\n\t\t<\/section>\n\t\t\t\t<\/div>\n\t\t","protected":false},"excerpt":{"rendered":"<p>O programa Horizonte 2020 foi substitu\u00eddo pelo novo HORIZONTE EUROPA. O Horizonte 2020 \u00e9 o maior instrumento da Comunidade Europeia especificamente orientado para o cofinanciamento de projetos de investiga\u00e7\u00e3o, inova\u00e7\u00e3o e demonstra\u00e7\u00e3o. O apoio financeiro \u00e9 concedido na base de concursos em competi\u00e7\u00e3o e mediante um processo independente de avalia\u00e7\u00e3o das propostas apresentadas. &nbsp; O&hellip;<\/p>\n","protected":false},"author":3,"featured_media":0,"parent":0,"menu_order":0,"comment_status":"closed","ping_status":"closed","template":"","meta":{"_monsterinsights_skip_tracking":false,"_monsterinsights_sitenote_active":false,"_monsterinsights_sitenote_note":"","_monsterinsights_sitenote_category":0,"footnotes":""},"class_list":["post-2344","page","type-page","status-publish","hentry"],"acf":[],"_links":{"self":[{"href":"https:\/\/neomarca.pt\/pt\/wp-json\/wp\/v2\/pages\/2344","targetHints":{"allow":["GET"]}}],"collection":[{"href":"https:\/\/neomarca.pt\/pt\/wp-json\/wp\/v2\/pages"}],"about":[{"href":"https:\/\/neomarca.pt\/pt\/wp-json\/wp\/v2\/types\/page"}],"author":[{"embeddable":true,"href":"https:\/\/neomarca.pt\/pt\/wp-json\/wp\/v2\/users\/3"}],"replies":[{"embeddable":true,"href":"https:\/\/neomarca.pt\/pt\/wp-json\/wp\/v2\/comments?post=2344"}],"version-history":[{"count":0,"href":"https:\/\/neomarca.pt\/pt\/wp-json\/wp\/v2\/pages\/2344\/revisions"}],"wp:attachment":[{"href":"https:\/\/neomarca.pt\/pt\/wp-json\/wp\/v2\/media?parent=2344"}],"curies":[{"name":"wp","href":"https:\/\/api.w.org\/{rel}","templated":true}]}}