{"id":2347,"date":"2019-08-02T11:08:44","date_gmt":"2019-08-02T10:08:44","guid":{"rendered":"https:\/\/neomarca.pt\/staging2\/?page_id=2347"},"modified":"2023-11-08T16:20:18","modified_gmt":"2023-11-08T15:20:18","slug":"ifrru-2020","status":"publish","type":"page","link":"https:\/\/neomarca.pt\/pt\/ifrru-2020\/","title":{"rendered":"IFRRU 2020"},"content":{"rendered":"\t\t<div data-elementor-type=\"wp-page\" data-elementor-id=\"2347\" class=\"elementor elementor-2347\" data-elementor-post-type=\"page\">\n\t\t\t\t\t\t<section class=\"elementor-section elementor-top-section elementor-element elementor-element-64aa328d elementor-section-boxed elementor-section-height-default elementor-section-height-default\" data-id=\"64aa328d\" data-element_type=\"section\">\n\t\t\t\t\t\t<div class=\"elementor-container elementor-column-gap-default\">\n\t\t\t\t\t<div class=\"elementor-column elementor-col-100 elementor-top-column elementor-element elementor-element-a124642\" data-id=\"a124642\" data-element_type=\"column\">\n\t\t\t<div class=\"elementor-widget-wrap elementor-element-populated\">\n\t\t\t\t\t\t<div class=\"elementor-element elementor-element-44b60af9 elementor-widget elementor-widget-text-editor\" data-id=\"44b60af9\" data-element_type=\"widget\" data-widget_type=\"text-editor.default\">\n\t\t\t\t<div class=\"elementor-widget-container\">\n\t\t\t\t\t\t\t<p>O Fundo de Reabilita\u00e7\u00e3o Urbana (IFRRU 2020) \u00e9 um instrumento financeiro destinado a apoiar investimentos em renova\u00e7\u00e3o urbana. O prazo de candidatura e utiliza\u00e7\u00e3o de fundos do\u00a0IFRRU 2020\u00a0foi alargado at\u00e9 <strong>31 de dezembro de 2023.<\/strong><\/p><p>Os edif\u00edcios renovados podem ser usados para qualquer finalidade, como habita\u00e7\u00e3o, atividades econ\u00f3micas e equipamentos para uso coletivo.\u00a0E inclui todas as despesas relacionadas com a interven\u00e7\u00e3o de reabilita\u00e7\u00e3o urbana e as medidas de efici\u00eancia energ\u00e9tica.<\/p><p>\u00a0<\/p><p><strong>Quais s\u00e3o as condi\u00e7\u00f5es de financiamento?<\/strong><br \/>Empr\u00e9stimos com garantia hipotec\u00e1ria ou equivalente com:<\/p><ul><li>prazos at\u00e9 20 anos (at\u00e9 7 anos no projeto para venda)<br \/>car\u00eancia de capital pelo per\u00edodo de investimento + 6 meses com um m\u00e1ximo at\u00e9 4 anos<\/li><li>taxas de juro e comiss\u00f5es abaixo das praticadas para projetos de investimento da mesma natureza.<\/li><\/ul><p>\u00a0<\/p><p><strong>Quais s\u00e3o os tipos de interven\u00e7\u00f5es que podem ser financiadas?<\/strong><\/p><div>Interven\u00e7\u00e3o em edif\u00edcios para habita\u00e7\u00e3o ou atividades econ\u00f3micas e em equipamentos de\u00a0<span style=\"background-color: rgba(255, 255, 255, 0); color: var(--the7-base-color); letter-spacing: var(--the7-base-letter-spacing); text-transform: var(--the7-base-text-transform); word-spacing: normal;\">utiliza\u00e7\u00e3o coletiva:<\/span><\/div><ul><li>Reabilita\u00e7\u00e3o global de edif\u00edcios com 30 anos ou mais (ou, no caso de edif\u00edcios mais novos, com um n\u00edvel de conserva\u00e7\u00e3o de 2 ou menos)<\/li><li>Reabilita\u00e7\u00e3o de espa\u00e7os industriais ou unidades abandonadas;<\/li><li>Reabilita\u00e7\u00e3o de unidades privadas integradas na reabilita\u00e7\u00e3o global de um edif\u00edcio de habita\u00e7\u00e3o social<\/li><li style=\"list-style-type: none;\">\u00a0<\/li><\/ul><p><strong>Quais s\u00e3o os tipos de interven\u00e7\u00f5es que podem ser financiadas?<\/strong><\/p><ul><li>realiza\u00e7\u00e3o de estudos, planos, projetos, atividades preparat\u00f3rias e\u00a0assessorias ligados ao projeto.<\/li><li>fiscaliza\u00e7\u00e3o, coordena\u00e7\u00e3o de seguran\u00e7a e assist\u00eancia t\u00e9cnica.<\/li><li>testes e ensaios.<\/li><li>aquisi\u00e7\u00e3o de edif\u00edcios e terrenos, constru\u00eddos ou n\u00e3o constru\u00eddos.<\/li><li>medidas de efici\u00eancia energ\u00e9tica.<\/li><\/ul><p>Todas as opera\u00e7\u00f5es candidatas a financiamento t\u00eam de ser apreciadas pela C\u00e2mara Municipal da \u00e1rea de localiza\u00e7\u00e3o do projeto, uma vez que todos os investimentos dever\u00e3o estar localizados em\u00a0<a href=\"https:\/\/www.portaldahabitacao.pt\/consulte-as-aru#\/arusInfo\" target=\"_blank\" rel=\"noopener\"><strong>\u00c1rea de Reabilita\u00e7\u00e3o Urbana (ARU)<\/strong><\/a>,\u00a0e para apoio dos fundos europeus, estar enquadrados no Plano de A\u00e7\u00e3o de Reabilita\u00e7\u00e3o Urbana (PARU) ou em Plano de A\u00e7\u00e3o Integrado para as Comunidades Desfavorecidas (PAICD), planos estes que s\u00e3o elaborados pelos Munic\u00edpios.<\/p><p>\u00c9 imprescind\u00edvel contactar a C\u00e2mara Municipal da localiza\u00e7\u00e3o do im\u00f3vel a reabilitar a fim de obter o<strong><a title=\"Instru\u00e7\u00e3o do pedido de parecer\" href=\"https:\/\/www.portaldahabitacao.pt\/opencms\/export\/sites\/portal\/pt\/portal\/reabilitacao\/ifrru\/documentos\/Instrucao-do-pedido-de-parecer.pdf\" target=\"_blank\" rel=\"noopener\">\u00a0<\/a><\/strong><strong><a title=\"Protocolo ANMP\" href=\"https:\/\/ifrru.ihru.pt\/documents\/20126\/35913\/Protocolo-colaboracao-IFRRU-ANMP-ANEXOS-1-e-2.pdf\/deb3a927-becd-0ec5-1b49-f359580841ff?t=1554739411061\" target=\"_blank\" rel=\"noopener\">parecer pr\u00e9vio vinculativo do Munic\u00edpio<\/a><\/strong><strong><a title=\"Instru\u00e7\u00e3o do pedido de parecer\" href=\"https:\/\/www.portaldahabitacao.pt\/opencms\/export\/sites\/portal\/pt\/portal\/reabilitacao\/ifrru\/documentos\/Instrucao-do-pedido-de-parecer.pdf\" target=\"_blank\" rel=\"noopener\">\u00a0<\/a><\/strong>sobre o enquadramento do projeto.<\/p>\t\t\t\t\t\t<\/div>\n\t\t\t\t<\/div>\n\t\t\t\t\t<\/div>\n\t\t<\/div>\n\t\t\t\t\t<\/div>\n\t\t<\/section>\n\t\t\t\t<\/div>\n\t\t","protected":false},"excerpt":{"rendered":"<p>O Fundo de Reabilita\u00e7\u00e3o Urbana (IFRRU 2020) \u00e9 um instrumento financeiro destinado a apoiar investimentos em renova\u00e7\u00e3o urbana. O prazo de candidatura e utiliza\u00e7\u00e3o de fundos do\u00a0IFRRU 2020\u00a0foi alargado at\u00e9 31 de dezembro de 2023. Os edif\u00edcios renovados podem ser usados para qualquer finalidade, como habita\u00e7\u00e3o, atividades econ\u00f3micas e equipamentos para uso coletivo.\u00a0E inclui todas&hellip;<\/p>\n","protected":false},"author":3,"featured_media":0,"parent":0,"menu_order":0,"comment_status":"closed","ping_status":"closed","template":"","meta":{"_monsterinsights_skip_tracking":false,"_monsterinsights_sitenote_active":false,"_monsterinsights_sitenote_note":"","_monsterinsights_sitenote_category":0,"footnotes":""},"class_list":["post-2347","page","type-page","status-publish","hentry"],"acf":[],"_links":{"self":[{"href":"https:\/\/neomarca.pt\/pt\/wp-json\/wp\/v2\/pages\/2347","targetHints":{"allow":["GET"]}}],"collection":[{"href":"https:\/\/neomarca.pt\/pt\/wp-json\/wp\/v2\/pages"}],"about":[{"href":"https:\/\/neomarca.pt\/pt\/wp-json\/wp\/v2\/types\/page"}],"author":[{"embeddable":true,"href":"https:\/\/neomarca.pt\/pt\/wp-json\/wp\/v2\/users\/3"}],"replies":[{"embeddable":true,"href":"https:\/\/neomarca.pt\/pt\/wp-json\/wp\/v2\/comments?post=2347"}],"version-history":[{"count":0,"href":"https:\/\/neomarca.pt\/pt\/wp-json\/wp\/v2\/pages\/2347\/revisions"}],"wp:attachment":[{"href":"https:\/\/neomarca.pt\/pt\/wp-json\/wp\/v2\/media?parent=2347"}],"curies":[{"name":"wp","href":"https:\/\/api.w.org\/{rel}","templated":true}]}}