{"id":5468,"date":"2021-04-15T14:23:01","date_gmt":"2021-04-15T13:23:01","guid":{"rendered":"https:\/\/neomarca.pt\/staging2\/pt\/?page_id=5468"},"modified":"2023-11-27T18:31:11","modified_gmt":"2023-11-27T17:31:11","slug":"horizonte-europa","status":"publish","type":"page","link":"https:\/\/neomarca.pt\/pt\/horizonte-europa\/","title":{"rendered":"HORIZONTE EUROPA"},"content":{"rendered":"\t\t<div data-elementor-type=\"wp-page\" data-elementor-id=\"5468\" class=\"elementor elementor-5468\" data-elementor-post-type=\"page\">\n\t\t\t\t\t\t<section class=\"elementor-section elementor-top-section elementor-element elementor-element-70850474 p-60 elementor-section-boxed elementor-section-height-default elementor-section-height-default\" data-id=\"70850474\" data-element_type=\"section\">\n\t\t\t\t\t\t<div class=\"elementor-container elementor-column-gap-default\">\n\t\t\t\t\t<div class=\"elementor-column elementor-col-100 elementor-top-column elementor-element elementor-element-16d57b4\" data-id=\"16d57b4\" data-element_type=\"column\">\n\t\t\t<div class=\"elementor-widget-wrap elementor-element-populated\">\n\t\t\t\t\t\t<div class=\"elementor-element elementor-element-11045a67 elementor-widget elementor-widget-text-editor\" data-id=\"11045a67\" data-element_type=\"widget\" data-widget_type=\"text-editor.default\">\n\t\t\t\t<div class=\"elementor-widget-container\">\n\t\t\t\t\t\t\t<h3>O\u00a0<strong>Horizonte Europa<\/strong>\u00a0\u00e9 o programa-quadro de investiga\u00e7\u00e3o e inova\u00e7\u00e3o (I&amp;I) da UE para o per\u00edodo 2021-2027, sucedendo ao Horizonte 2020.<\/h3><p>O\u00a0<a href=\"https:\/\/neomarca.pt\/staging2\/pt\/noticias\/programa-horizonte-europa\/\">Horizonte Europa,<\/a>\u00a0<strong>o novo programa de investiga\u00e7\u00e3o e inova\u00e7\u00e3o da UE, tem um or\u00e7amento no valor de 95,5 mil milh\u00f5es de euros, que ir\u00e1 financiar cientistas e empresas.<\/strong><\/p><p>O plano estrat\u00e9gico do Horizonte Europa define as orienta\u00e7\u00f5es estrat\u00e9gicas para o direcionamento dos investimentos durante os primeiros quatro anos do programa. Assegura que as a\u00e7\u00f5es de investiga\u00e7\u00e3o e inova\u00e7\u00e3o da UE contribuem para as prioridades da Uni\u00e3o, nomeadamente uma Europa verde e com impacto neutro no clima, uma Europa preparada para a era digital e uma economia ao servi\u00e7o das pessoas.<\/p><div><strong>Pilar I: Ci\u00eancia de excel\u00eancia\u00a0&#8211; aumentar a competitividade cient\u00edfica global da UE<\/strong><\/div><div><p>O primeiro pilar do Horizonte Europa refor\u00e7a a lideran\u00e7a cient\u00edfica da UE, promovendo o desenvolvimento de conhecimentos e compet\u00eancias de elevada qualidade. Apoia projetos de investiga\u00e7\u00e3o de fronteira atrav\u00e9s do Conselho Europeu de Investiga\u00e7\u00e3o e estimula o investimento em infraestruturas de investiga\u00e7\u00e3o.\u00a0<span style=\"background-color: rgba(255, 255, 255, 0); color: var(--the7-base-color); letter-spacing: var(--the7-base-letter-spacing); text-transform: var(--the7-base-text-transform); word-spacing: normal;\">As <a href=\"https:\/\/marie-sklodowska-curie-actions.ec.europa.eu\/\" target=\"_blank\" rel=\"noopener\">a\u00e7\u00f5es Marie Sk\u0142odowska-Curie<\/a> financiam atividades de mobilidade, forma\u00e7\u00e3o e progress\u00e3o na carreira dos investigadores.<\/span><\/p><\/div><div>\u00a0<\/div><div><strong>Pilar II: Desafios globais &amp; competitividade industrial europeia <\/strong><\/div><div>Apoiar a investiga\u00e7\u00e3o relacionada com os desafios societais e refor\u00e7ar as capacidades tecnol\u00f3gicas e industriais atrav\u00e9s de clusters, subjacentes \u00e0s pol\u00edticas da UE e aos Objetivos de Desenvolvimento Sustent\u00e1vel.<\/div><div><p>O segundo pilar apoia a investiga\u00e7\u00e3o e a inova\u00e7\u00e3o que lidam com os desafios societais e tecnologias industriais em dom\u00ednios como a sa\u00fade, o meio digital, o clima, a energia, a mobilidade, a seguran\u00e7a civil, a alimenta\u00e7\u00e3o e os recursos naturais.<\/p><p>O Horizonte Europa introduz miss\u00f5es de investiga\u00e7\u00e3o e inova\u00e7\u00e3o, tais como cidades com impacto neutro no clima e cidades inteligentes, bem como parcerias europeias, por exemplo, sobre hidrog\u00e9nio limpo. Este pilar inclui igualmente as atividades desenvolvidas pelo <a href=\"https:\/\/joint-research-centre.ec.europa.eu\/\" target=\"_blank\" rel=\"noopener\">Centro Comum de Investiga\u00e7\u00e3o (JRC).<\/a><\/p><\/div><div>\u00a0<\/div><div><strong>Pilar III: Europa inovadora <\/strong><\/div><div>Colocar a Europa na vanguarda da inova\u00e7\u00e3o geradora de mercados<\/div><p><strong>Alargamento da participa\u00e7\u00e3o e refor\u00e7o do espa\u00e7o europeu da investiga\u00e7\u00e3o<\/strong> (ERA &#8211; European Research Area) aumentar o apoio aos Estados-Membros nos seus esfor\u00e7os nacionais de investiga\u00e7\u00e3o e na otimiza\u00e7\u00e3o do seu potencial de inova\u00e7\u00e3o.<\/p><p>O terceiro pilar do Horizonte Europa centra-se na promo\u00e7\u00e3o de todas as formas de inova\u00e7\u00e3o e, em particular, da inova\u00e7\u00e3o radical e disruptiva, atrav\u00e9s do Conselho <a href=\"https:\/\/eic.ec.europa.eu\/index_en\" target=\"_blank\" rel=\"noopener\">Europeu da Inova\u00e7\u00e3o(CEI)<\/a>. O CEI oferece um balc\u00e3o \u00fanico para inovadores que tenham elevado potencial para criar mercados no futuro.<\/p>\t\t\t\t\t\t<\/div>\n\t\t\t\t<\/div>\n\t\t\t\t\t<\/div>\n\t\t<\/div>\n\t\t\t\t\t<\/div>\n\t\t<\/section>\n\t\t\t\t<section class=\"elementor-section elementor-top-section elementor-element elementor-element-17027b01 elementor-section-content-middle elementor-section-boxed elementor-section-height-default elementor-section-height-default\" data-id=\"17027b01\" data-element_type=\"section\">\n\t\t\t\t\t\t<div class=\"elementor-container elementor-column-gap-no\">\n\t\t\t\t\t<div class=\"elementor-column elementor-col-50 elementor-top-column elementor-element elementor-element-afb5d03\" data-id=\"afb5d03\" data-element_type=\"column\">\n\t\t\t<div class=\"elementor-widget-wrap elementor-element-populated\">\n\t\t\t\t\t\t<div class=\"elementor-element elementor-element-a479492 elementor-widget elementor-widget-heading\" data-id=\"a479492\" data-element_type=\"widget\" data-widget_type=\"heading.default\">\n\t\t\t\t<div class=\"elementor-widget-container\">\n\t\t\t<h2 class=\"elementor-heading-title elementor-size-default\">Qual o financiamento mais adequado para o seu investimento?<\/h2>\t\t<\/div>\n\t\t\t\t<\/div>\n\t\t\t\t<div class=\"elementor-element elementor-element-62eb91f5 elementor-widget elementor-widget-text-editor\" data-id=\"62eb91f5\" data-element_type=\"widget\" data-widget_type=\"text-editor.default\">\n\t\t\t\t<div class=\"elementor-widget-container\">\n\t\t\t\t\t\t\t<p><strong>Contacte-nos. <\/strong>Fale com a nossa equipa de especialistas.<\/p>\t\t\t\t\t\t<\/div>\n\t\t\t\t<\/div>\n\t\t\t\t\t<\/div>\n\t\t<\/div>\n\t\t\t\t<div class=\"elementor-column elementor-col-50 elementor-top-column elementor-element elementor-element-3d0f50e1\" data-id=\"3d0f50e1\" data-element_type=\"column\">\n\t\t\t<div class=\"elementor-widget-wrap elementor-element-populated\">\n\t\t\t\t\t\t<div class=\"elementor-element elementor-element-181b52e4 elementor-align-right elementor-mobile-align-left elementor-widget elementor-widget-button\" data-id=\"181b52e4\" data-element_type=\"widget\" data-widget_type=\"button.default\">\n\t\t\t\t<div class=\"elementor-widget-container\">\n\t\t\t\t\t<div class=\"elementor-button-wrapper\">\n\t\t\t<a class=\"elementor-button elementor-button-link elementor-size-sm elementor-animation-grow\" href=\"mailto:info@neomarca.eu\">\n\t\t\t\t\t\t<span class=\"elementor-button-content-wrapper\">\n\t\t\t\t\t\t<span class=\"elementor-button-text\">Agendar Reuni\u00e3o<\/span>\n\t\t<\/span>\n\t\t\t\t\t<\/a>\n\t\t<\/div>\n\t\t\t\t<\/div>\n\t\t\t\t<\/div>\n\t\t\t\t\t<\/div>\n\t\t<\/div>\n\t\t\t\t\t<\/div>\n\t\t<\/section>\n\t\t\t\t<\/div>\n\t\t","protected":false},"excerpt":{"rendered":"<p>O\u00a0Horizonte Europa\u00a0\u00e9 o programa-quadro de investiga\u00e7\u00e3o e inova\u00e7\u00e3o (I&amp;I) da UE para o per\u00edodo 2021-2027, sucedendo ao Horizonte 2020. O\u00a0Horizonte Europa,\u00a0o novo programa de investiga\u00e7\u00e3o e inova\u00e7\u00e3o da UE, tem um or\u00e7amento no valor de 95,5 mil milh\u00f5es de euros, que ir\u00e1 financiar cientistas e empresas. O plano estrat\u00e9gico do Horizonte Europa define as orienta\u00e7\u00f5es&hellip;<\/p>\n","protected":false},"author":3,"featured_media":0,"parent":0,"menu_order":0,"comment_status":"closed","ping_status":"closed","template":"","meta":{"_monsterinsights_skip_tracking":false,"_monsterinsights_sitenote_active":false,"_monsterinsights_sitenote_note":"","_monsterinsights_sitenote_category":0,"footnotes":""},"class_list":["post-5468","page","type-page","status-publish","hentry"],"acf":[],"_links":{"self":[{"href":"https:\/\/neomarca.pt\/pt\/wp-json\/wp\/v2\/pages\/5468","targetHints":{"allow":["GET"]}}],"collection":[{"href":"https:\/\/neomarca.pt\/pt\/wp-json\/wp\/v2\/pages"}],"about":[{"href":"https:\/\/neomarca.pt\/pt\/wp-json\/wp\/v2\/types\/page"}],"author":[{"embeddable":true,"href":"https:\/\/neomarca.pt\/pt\/wp-json\/wp\/v2\/users\/3"}],"replies":[{"embeddable":true,"href":"https:\/\/neomarca.pt\/pt\/wp-json\/wp\/v2\/comments?post=5468"}],"version-history":[{"count":3,"href":"https:\/\/neomarca.pt\/pt\/wp-json\/wp\/v2\/pages\/5468\/revisions"}],"predecessor-version":[{"id":15451,"href":"https:\/\/neomarca.pt\/pt\/wp-json\/wp\/v2\/pages\/5468\/revisions\/15451"}],"wp:attachment":[{"href":"https:\/\/neomarca.pt\/pt\/wp-json\/wp\/v2\/media?parent=5468"}],"curies":[{"name":"wp","href":"https:\/\/api.w.org\/{rel}","templated":true}]}}