{"id":5473,"date":"2021-04-15T14:43:48","date_gmt":"2021-04-15T13:43:48","guid":{"rendered":"https:\/\/neomarca.pt\/staging2\/pt\/?page_id=5473"},"modified":"2023-11-08T16:09:06","modified_gmt":"2023-11-08T15:09:06","slug":"european-innovation-council","status":"publish","type":"page","link":"https:\/\/neomarca.pt\/pt\/horizonte-europa\/european-innovation-council\/","title":{"rendered":"European Innovation Council"},"content":{"rendered":"\t\t<div data-elementor-type=\"wp-page\" data-elementor-id=\"5473\" class=\"elementor elementor-5473\" data-elementor-post-type=\"page\">\n\t\t\t\t\t\t<section class=\"elementor-section elementor-top-section elementor-element elementor-element-61c0f08e elementor-section-boxed elementor-section-height-default elementor-section-height-default\" data-id=\"61c0f08e\" data-element_type=\"section\">\n\t\t\t\t\t\t<div class=\"elementor-container elementor-column-gap-default\">\n\t\t\t\t\t<div class=\"elementor-column elementor-col-100 elementor-top-column elementor-element elementor-element-4b4ce73e\" data-id=\"4b4ce73e\" data-element_type=\"column\">\n\t\t\t<div class=\"elementor-widget-wrap elementor-element-populated\">\n\t\t\t\t\t\t<div class=\"elementor-element elementor-element-24cf41e5 elementor-widget elementor-widget-text-editor\" data-id=\"24cf41e5\" data-element_type=\"widget\" data-widget_type=\"text-editor.default\">\n\t\t\t\t<div class=\"elementor-widget-container\">\n\t\t\t\t\t\t\t<p>O Conselho Europeu de Inova\u00e7\u00e3o (EIC) foi criado no \u00e2mbito do programa <a href=\"https:\/\/neomarca.pt\/pt\/horizonte-europa\/\">Horizonte Europa<\/a> da UE. Tem um or\u00e7amento de 10,1 mil milh\u00f5es de euros para apoiar inova\u00e7\u00f5es revolucion\u00e1rias ao longo de todo o ciclo de vida, desde a investiga\u00e7\u00e3o em fase inicial at\u00e9 \u00e0 prova de conceito, transfer\u00eancia de tecnologia e financiamento e expans\u00e3o de empresas em fase de arranque e PME.<\/p><p>Dos cerca de 13,5 mil milh\u00f5es de euros alocados ao terceiro pilar do Horizonte Europa, para o per\u00edodo de 2021-2027, dez mil milh\u00f5es est\u00e3o destinados ao EIC, que ter\u00e1 como base nos seguintes instrumentos de financiamento:<\/p><ul><li><a href=\"https:\/\/eic.ec.europa.eu\/eic-funding-opportunities\/eic-pathfinder_en\" target=\"_blank\" rel=\"noopener\"><strong>EIC\u00a0Pathfinder<\/strong> <\/a>\u2013 apoia projetos de investiga\u00e7\u00e3o e tecnologia profunda com elevado grau de ambi\u00e7\u00e3o e risco cient\u00edfico.<\/li><li><a href=\"https:\/\/eic.ec.europa.eu\/eic-funding-opportunities\/eic-accelerator_en\" target=\"_blank\" rel=\"noopener\"><strong>EIC Accelerator<\/strong><\/a>\u00a0\u2013 apoia start-ups e pequenas e m\u00e9dias empresas a desenvolverem-se e expandirem-se para novos mercados.<\/li><li><a href=\"https:\/\/eic.ec.europa.eu\/eic-funding-opportunities\/eic-transition_en\" target=\"_blank\" rel=\"noopener\"><strong>EIC Transition<\/strong>\u00a0<\/a>\u2013 apoia o amadurecimento e valida\u00e7\u00e3o de novas ideias. Uma ponte entre pesquisa e desenvolvimento.<\/li><\/ul>\t\t\t\t\t\t<\/div>\n\t\t\t\t<\/div>\n\t\t\t\t\t<\/div>\n\t\t<\/div>\n\t\t\t\t\t<\/div>\n\t\t<\/section>\n\t\t\t\t<\/div>\n\t\t","protected":false},"excerpt":{"rendered":"<p>O Conselho Europeu de Inova\u00e7\u00e3o (EIC) foi criado no \u00e2mbito do programa Horizonte Europa da UE. Tem um or\u00e7amento de 10,1 mil milh\u00f5es de euros para apoiar inova\u00e7\u00f5es revolucion\u00e1rias ao longo de todo o ciclo de vida, desde a investiga\u00e7\u00e3o em fase inicial at\u00e9 \u00e0 prova de conceito, transfer\u00eancia de tecnologia e financiamento e expans\u00e3o&hellip;<\/p>\n","protected":false},"author":3,"featured_media":0,"parent":5468,"menu_order":0,"comment_status":"closed","ping_status":"closed","template":"","meta":{"_monsterinsights_skip_tracking":false,"_monsterinsights_sitenote_active":false,"_monsterinsights_sitenote_note":"","_monsterinsights_sitenote_category":0,"footnotes":""},"class_list":["post-5473","page","type-page","status-publish","hentry"],"acf":[],"_links":{"self":[{"href":"https:\/\/neomarca.pt\/pt\/wp-json\/wp\/v2\/pages\/5473","targetHints":{"allow":["GET"]}}],"collection":[{"href":"https:\/\/neomarca.pt\/pt\/wp-json\/wp\/v2\/pages"}],"about":[{"href":"https:\/\/neomarca.pt\/pt\/wp-json\/wp\/v2\/types\/page"}],"author":[{"embeddable":true,"href":"https:\/\/neomarca.pt\/pt\/wp-json\/wp\/v2\/users\/3"}],"replies":[{"embeddable":true,"href":"https:\/\/neomarca.pt\/pt\/wp-json\/wp\/v2\/comments?post=5473"}],"version-history":[{"count":0,"href":"https:\/\/neomarca.pt\/pt\/wp-json\/wp\/v2\/pages\/5473\/revisions"}],"up":[{"embeddable":true,"href":"https:\/\/neomarca.pt\/pt\/wp-json\/wp\/v2\/pages\/5468"}],"wp:attachment":[{"href":"https:\/\/neomarca.pt\/pt\/wp-json\/wp\/v2\/media?parent=5473"}],"curies":[{"name":"wp","href":"https:\/\/api.w.org\/{rel}","templated":true}]}}