{"id":7361,"date":"2020-04-07T13:28:30","date_gmt":"2020-04-07T12:28:30","guid":{"rendered":"https:\/\/the7.io\/business-advisors\/?page_id=2"},"modified":"2025-10-08T11:53:44","modified_gmt":"2025-10-08T10:53:44","slug":"contacte-nos","status":"publish","type":"page","link":"https:\/\/neomarca.pt\/pt\/contacte-nos\/","title":{"rendered":"CONTACTE-NOS"},"content":{"rendered":"<p data-fontsize=\"24\" data-lineheight=\"31.92px\"><span data-teams=\"true\">A Neomarca est\u00e1 sediada no Algarve, em Faro, com equipa tamb\u00e9m presente no Porto, garantindo proximidade com empresas da Regi\u00e3o Norte.<\/span><\/p>\n<p data-fontsize=\"24\" data-lineheight=\"31.92px\"><strong>NEOMARCA, LDA.<\/strong><\/p>\n<p><span data-teams=\"true\"><strong>Sede:<\/strong> Rua Horta Machado, nr.02, 8000-362, Faro, Portugal.\u00a0<\/span><\/p>\n<p data-fontsize=\"24\" data-lineheight=\"31.92px\"><strong>Telefones: <\/strong>+351 915 990 790 | +351 289 098 720<\/p>\n<p data-fontsize=\"24\" data-lineheight=\"31.92px\"><span data-teams=\"true\"><strong>Equipa Porto: <\/strong>+351 967 703 779<\/span><\/p>\n<p data-fontsize=\"24\" data-lineheight=\"31.92px\"><strong>Hor\u00e1rio: <\/strong>Segunda \u2013 Sexta: 09:00 \u2013 18:00 UTC\/GMT +1h<\/p>\n<p data-fontsize=\"24\" data-lineheight=\"31.92px\"><strong>NEWSLETTER<\/strong><\/p>\n<p>Subscreva a nossa newsletter e fique a par da \u00faltimas not\u00edcias sobre financiamentos.<\/p>\n<p><label><input name=\"AGREE_TO_TERMS\" required=\"\" type=\"checkbox\" value=\"1\" \/> <a href=\"https:\/\/neomarca.pt\/pt\/termos-e-condicoes\/\" target=\"_blank\" rel=\"noopener\">Eu li e aceito os termos e condi\u00e7\u00f5es<\/a><br \/>\n<\/label><\/p>\n<p><label>Endere\u00e7o de email:<br \/>\n<input name=\"EMAIL\" required=\"\" type=\"email\" placeholder=\"O seu endere\u00e7o de email\" \/><br \/>\n<\/label><\/p>\n<p><input type=\"submit\" value=\"Submeter\" \/><\/p>\n<p data-fontsize=\"24\" data-lineheight=\"31.92px\"><strong>RECRUTAMENTO<\/strong><\/p>\n<p>Candidata-te \u00e0s nossas oportunidades <a href=\"https:\/\/neomarca.pt\/pt\/recrutamento\/\">aqui<\/a>.<\/p>\n<h4>Como podemos ajudar?<\/h4>\n<p><iframe style=\"border: 0;\" data-src=\"https:\/\/www.google.com\/maps\/embed?pb=!1m16!1m12!1m3!1d3185.5997643580567!2d-7.933976324686538!3d37.01934355531669!2m3!1f0!2f0!3f0!3m2!1i1024!2i768!4f13.1!2m1!1sRua%20Horta%20Machado%2C%20nr.02%2C%208000-362%20Faro%2C%20Portugal!5e0!3m2!1sen!2sin!4v1698640807594!5m2!1sen!2sin\" width=\"100%\" height=\"450\" allowfullscreen=\"allowfullscreen\" src=\"data:image\/gif;base64,R0lGODlhAQABAAAAACH5BAEKAAEALAAAAAABAAEAAAICTAEAOw==\" class=\"lazyload\" data-load-mode=\"1\"><\/iframe><\/p>\n","protected":false},"excerpt":{"rendered":"<p>A Neomarca est\u00e1 sediada no Algarve, em Faro, com equipa tamb\u00e9m presente no Porto, garantindo proximidade com empresas da Regi\u00e3o Norte. NEOMARCA, LDA. Sede: Rua Horta Machado, nr.02, 8000-362, Faro, Portugal.\u00a0 Telefones: +351 915 990 790 | +351 289 098 720 Equipa Porto: +351 967 703 779 Hor\u00e1rio: Segunda \u2013 Sexta: 09:00 \u2013 18:00 UTC\/GMT&hellip;<\/p>\n","protected":false},"author":3,"featured_media":0,"parent":0,"menu_order":12,"comment_status":"closed","ping_status":"closed","template":"","meta":{"_monsterinsights_skip_tracking":false,"_monsterinsights_sitenote_active":false,"_monsterinsights_sitenote_note":"","_monsterinsights_sitenote_category":0,"footnotes":""},"class_list":["post-7361","page","type-page","status-publish","hentry","description-off"],"acf":[],"_links":{"self":[{"href":"https:\/\/neomarca.pt\/pt\/wp-json\/wp\/v2\/pages\/7361","targetHints":{"allow":["GET"]}}],"collection":[{"href":"https:\/\/neomarca.pt\/pt\/wp-json\/wp\/v2\/pages"}],"about":[{"href":"https:\/\/neomarca.pt\/pt\/wp-json\/wp\/v2\/types\/page"}],"author":[{"embeddable":true,"href":"https:\/\/neomarca.pt\/pt\/wp-json\/wp\/v2\/users\/3"}],"replies":[{"embeddable":true,"href":"https:\/\/neomarca.pt\/pt\/wp-json\/wp\/v2\/comments?post=7361"}],"version-history":[{"count":3,"href":"https:\/\/neomarca.pt\/pt\/wp-json\/wp\/v2\/pages\/7361\/revisions"}],"predecessor-version":[{"id":16647,"href":"https:\/\/neomarca.pt\/pt\/wp-json\/wp\/v2\/pages\/7361\/revisions\/16647"}],"wp:attachment":[{"href":"https:\/\/neomarca.pt\/pt\/wp-json\/wp\/v2\/media?parent=7361"}],"curies":[{"name":"wp","href":"https:\/\/api.w.org\/{rel}","templated":true}]}}